{"id":8,"date":"2023-10-24T14:48:56","date_gmt":"2023-10-24T17:48:56","guid":{"rendered":"http:\/\/dramabarroco.com\/barbosa\/?page_id=8"},"modified":"2024-01-10T11:33:36","modified_gmt":"2024-01-10T14:33:36","slug":"barbosa-sociedade-de-advogados","status":"publish","type":"page","link":"https:\/\/mbsa.com.br\/en\/","title":{"rendered":"(PT) Home"},"content":{"rendered":"","protected":false},"excerpt":{"rendered":"","protected":false},"author":1,"featured_media":0,"parent":0,"menu_order":8,"comment_status":"closed","ping_status":"closed","template":"index.php","meta":{"_acf_changed":false,"footnotes":""},"class_list":["post-8","page","type-page","status-publish","hentry"],"acf":[],"yoast_head":"<!-- This site is optimized with the Yoast SEO plugin v24.8.1 - https:\/\/yoast.com\/wordpress\/plugins\/seo\/ -->\n<title>(PT) Home - Marcelo Barbosa Sociedade de Advogados<\/title>\n<meta name=\"description\" content=\"Barbosa Sociedade de Advogados se dedica \u00e0 assessoria de clientes em quest\u00f5es de direito empresarial, com foco nas \u00e1reas de direito societ\u00e1rio e de mercado de capitais, por meio de uma equipe altamente especializada e em constante aprimoramento.\" \/>\n<meta name=\"robots\" content=\"index, follow, max-snippet:-1, max-image-preview:large, max-video-preview:-1\" \/>\n<link rel=\"canonical\" href=\"https:\/\/mbsa.com.br\/\" \/>\n<meta property=\"og:locale\" content=\"en_US\" \/>\n<meta property=\"og:type\" content=\"article\" \/>\n<meta property=\"og:title\" content=\"(PT) Home - Marcelo Barbosa Sociedade de Advogados\" \/>\n<meta property=\"og:description\" content=\"Barbosa Sociedade de Advogados se dedica \u00e0 assessoria de clientes em quest\u00f5es de direito empresarial, com foco nas \u00e1reas de direito societ\u00e1rio e de mercado de capitais, por meio de uma equipe altamente especializada e em constante aprimoramento.\" \/>\n<meta property=\"og:url\" content=\"https:\/\/mbsa.com.br\/\" \/>\n<meta property=\"og:site_name\" content=\"Marcelo Barbosa Sociedade de Advogados\" \/>\n<meta property=\"article:modified_time\" content=\"2024-01-10T14:33:36+00:00\" \/>\n<meta name=\"twitter:card\" content=\"summary_large_image\" \/>\n<script type=\"application\/ld+json\" class=\"yoast-schema-graph\">{\"@context\":\"https:\/\/schema.org\",\"@graph\":[{\"@type\":\"WebPage\",\"@id\":\"https:\/\/mbsa.com.br\/\",\"url\":\"https:\/\/mbsa.com.br\/\",\"name\":\"[:pb]Home[:] - Marcelo Barbosa Sociedade de Advogados\",\"isPartOf\":{\"@id\":\"https:\/\/mbsa.com.br\/#website\"},\"datePublished\":\"2023-10-24T17:48:56+00:00\",\"dateModified\":\"2024-01-10T14:33:36+00:00\",\"description\":\"Barbosa Sociedade de Advogados se dedica \u00e0 assessoria de clientes em quest\u00f5es de direito empresarial, com foco nas \u00e1reas de direito societ\u00e1rio e de mercado de capitais, por meio de uma equipe altamente especializada e em constante aprimoramento.\",\"breadcrumb\":{\"@id\":\"https:\/\/mbsa.com.br\/#breadcrumb\"},\"inLanguage\":\"en-US\",\"potentialAction\":[{\"@type\":\"ReadAction\",\"target\":[\"https:\/\/mbsa.com.br\/\"]}]},{\"@type\":\"BreadcrumbList\",\"@id\":\"https:\/\/mbsa.com.br\/#breadcrumb\",\"itemListElement\":[{\"@type\":\"ListItem\",\"position\":1,\"name\":\"In\u00edcio\",\"item\":\"https:\/\/mbsa.com.br\/\"},{\"@type\":\"ListItem\",\"position\":2,\"name\":\"Home\"}]},{\"@type\":\"WebSite\",\"@id\":\"https:\/\/mbsa.com.br\/#website\",\"url\":\"https:\/\/mbsa.com.br\/\",\"name\":\"Barbosa Sociedade de Advogados\",\"description\":\"\",\"publisher\":{\"@id\":\"https:\/\/mbsa.com.br\/#organization\"},\"potentialAction\":[{\"@type\":\"SearchAction\",\"target\":{\"@type\":\"EntryPoint\",\"urlTemplate\":\"https:\/\/mbsa.com.br\/?s={search_term_string}\"},\"query-input\":{\"@type\":\"PropertyValueSpecification\",\"valueRequired\":true,\"valueName\":\"search_term_string\"}}],\"inLanguage\":\"en-US\"},{\"@type\":\"Organization\",\"@id\":\"https:\/\/mbsa.com.br\/#organization\",\"name\":\"Barbosa Sociedade de Advogados\",\"url\":\"https:\/\/mbsa.com.br\/\",\"logo\":{\"@type\":\"ImageObject\",\"inLanguage\":\"en-US\",\"@id\":\"https:\/\/mbsa.com.br\/#\/schema\/logo\/image\/\",\"url\":\"http:\/\/mbsa.com.br\/wp-content\/uploads\/2024\/01\/LogoBarbosa_Principal-01-scaled.jpg\",\"contentUrl\":\"http:\/\/mbsa.com.br\/wp-content\/uploads\/2024\/01\/LogoBarbosa_Principal-01-scaled.jpg\",\"width\":2560,\"height\":1028,\"caption\":\"Barbosa Sociedade de Advogados\"},\"image\":{\"@id\":\"https:\/\/mbsa.com.br\/#\/schema\/logo\/image\/\"},\"sameAs\":[\"https:\/\/www.linkedin.com\/company\/barbosa-sociedade-de-advogados\/\"]}]}<\/script>\n<!-- \/ Yoast SEO plugin. -->","yoast_head_json":{"title":"(PT) Home - Marcelo Barbosa Sociedade de Advogados","description":"Barbosa Sociedade de Advogados se dedica \u00e0 assessoria de clientes em quest\u00f5es de direito empresarial, com foco nas \u00e1reas de direito societ\u00e1rio e de mercado de capitais, por meio de uma equipe altamente especializada e em constante aprimoramento.","robots":{"index":"index","follow":"follow","max-snippet":"max-snippet:-1","max-image-preview":"max-image-preview:large","max-video-preview":"max-video-preview:-1"},"canonical":"https:\/\/mbsa.com.br\/","og_locale":"en_US","og_type":"article","og_title":"(PT) Home - Marcelo Barbosa Sociedade de Advogados","og_description":"Barbosa Sociedade de Advogados se dedica \u00e0 assessoria de clientes em quest\u00f5es de direito empresarial, com foco nas \u00e1reas de direito societ\u00e1rio e de mercado de capitais, por meio de uma equipe altamente especializada e em constante aprimoramento.","og_url":"https:\/\/mbsa.com.br\/","og_site_name":"Marcelo Barbosa Sociedade de Advogados","article_modified_time":"2024-01-10T14:33:36+00:00","twitter_card":"summary_large_image","schema":{"@context":"https:\/\/schema.org","@graph":[{"@type":"WebPage","@id":"https:\/\/mbsa.com.br\/","url":"https:\/\/mbsa.com.br\/","name":"[:pb]Home[:] - Marcelo Barbosa Sociedade de Advogados","isPartOf":{"@id":"https:\/\/mbsa.com.br\/#website"},"datePublished":"2023-10-24T17:48:56+00:00","dateModified":"2024-01-10T14:33:36+00:00","description":"Barbosa Sociedade de Advogados se dedica \u00e0 assessoria de clientes em quest\u00f5es de direito empresarial, com foco nas \u00e1reas de direito societ\u00e1rio e de mercado de capitais, por meio de uma equipe altamente especializada e em constante aprimoramento.","breadcrumb":{"@id":"https:\/\/mbsa.com.br\/#breadcrumb"},"inLanguage":"en-US","potentialAction":[{"@type":"ReadAction","target":["https:\/\/mbsa.com.br\/"]}]},{"@type":"BreadcrumbList","@id":"https:\/\/mbsa.com.br\/#breadcrumb","itemListElement":[{"@type":"ListItem","position":1,"name":"In\u00edcio","item":"https:\/\/mbsa.com.br\/"},{"@type":"ListItem","position":2,"name":"Home"}]},{"@type":"WebSite","@id":"https:\/\/mbsa.com.br\/#website","url":"https:\/\/mbsa.com.br\/","name":"Barbosa Sociedade de Advogados","description":"","publisher":{"@id":"https:\/\/mbsa.com.br\/#organization"},"potentialAction":[{"@type":"SearchAction","target":{"@type":"EntryPoint","urlTemplate":"https:\/\/mbsa.com.br\/?s={search_term_string}"},"query-input":{"@type":"PropertyValueSpecification","valueRequired":true,"valueName":"search_term_string"}}],"inLanguage":"en-US"},{"@type":"Organization","@id":"https:\/\/mbsa.com.br\/#organization","name":"Barbosa Sociedade de Advogados","url":"https:\/\/mbsa.com.br\/","logo":{"@type":"ImageObject","inLanguage":"en-US","@id":"https:\/\/mbsa.com.br\/#\/schema\/logo\/image\/","url":"http:\/\/mbsa.com.br\/wp-content\/uploads\/2024\/01\/LogoBarbosa_Principal-01-scaled.jpg","contentUrl":"http:\/\/mbsa.com.br\/wp-content\/uploads\/2024\/01\/LogoBarbosa_Principal-01-scaled.jpg","width":2560,"height":1028,"caption":"Barbosa Sociedade de Advogados"},"image":{"@id":"https:\/\/mbsa.com.br\/#\/schema\/logo\/image\/"},"sameAs":["https:\/\/www.linkedin.com\/company\/barbosa-sociedade-de-advogados\/"]}]}},"_links":{"self":[{"href":"https:\/\/mbsa.com.br\/en\/wp-json\/wp\/v2\/pages\/8","targetHints":{"allow":["GET"]}}],"collection":[{"href":"https:\/\/mbsa.com.br\/en\/wp-json\/wp\/v2\/pages"}],"about":[{"href":"https:\/\/mbsa.com.br\/en\/wp-json\/wp\/v2\/types\/page"}],"author":[{"embeddable":true,"href":"https:\/\/mbsa.com.br\/en\/wp-json\/wp\/v2\/users\/1"}],"replies":[{"embeddable":true,"href":"https:\/\/mbsa.com.br\/en\/wp-json\/wp\/v2\/comments?post=8"}],"version-history":[{"count":4,"href":"https:\/\/mbsa.com.br\/en\/wp-json\/wp\/v2\/pages\/8\/revisions"}],"predecessor-version":[{"id":143,"href":"https:\/\/mbsa.com.br\/en\/wp-json\/wp\/v2\/pages\/8\/revisions\/143"}],"wp:attachment":[{"href":"https:\/\/mbsa.com.br\/en\/wp-json\/wp\/v2\/media?parent=8"}],"curies":[{"name":"wp","href":"https:\/\/api.w.org\/{rel}","templated":true}]}}